{"id":555,"date":"2025-12-12T10:33:45","date_gmt":"2025-12-12T10:33:45","guid":{"rendered":"https:\/\/cocoonpropertiesmauritius.com\/?page_id=555"},"modified":"2026-02-26T10:32:13","modified_gmt":"2026-02-26T10:32:13","slug":"invest-in-mauritius","status":"publish","type":"page","link":"https:\/\/cocoonpropertiesmauritius.com\/fr\/invest-in-mauritius\/","title":{"rendered":"Investir \u00e0 Maurice"},"content":{"rendered":"<div data-elementor-type=\"wp-page\" data-elementor-id=\"555\" class=\"elementor elementor-555\" data-elementor-post-type=\"page\">\n\t\t\t\t\t\t<section class=\"elementor-section elementor-top-section elementor-element elementor-element-32c60e8 elementor-section-height-min-height elementor-section-boxed elementor-section-height-default elementor-section-items-middle\" data-id=\"32c60e8\" data-element_type=\"section\" data-e-type=\"section\" data-settings=\"{&quot;background_background&quot;:&quot;classic&quot;}\">\n\t\t\t\t\t\t\t<div class=\"elementor-background-overlay\"><\/div>\n\t\t\t\t\t\t\t<div class=\"elementor-container elementor-column-gap-wide\">\n\t\t\t\t\t<div class=\"elementor-column elementor-col-100 elementor-top-column elementor-element elementor-element-59e357f\" data-id=\"59e357f\" data-element_type=\"column\" data-e-type=\"column\">\n\t\t\t<div class=\"elementor-widget-wrap elementor-element-populated\">\n\t\t\t\t\t\t<div class=\"elementor-element elementor-element-e28c771 elementor-widget elementor-widget-heading\" data-id=\"e28c771\" data-element_type=\"widget\" data-e-type=\"widget\" data-widget_type=\"heading.default\">\n\t\t\t\t\t<h1 class=\"elementor-heading-title elementor-size-default\">Investir \u00e0 Maurice<\/h1>\t\t\t\t<\/div>\n\t\t\t\t\t<\/div>\n\t\t<\/div>\n\t\t\t\t\t<\/div>\n\t\t<\/section>\n\t\t<div class=\"elementor-element elementor-element-c921a46 e-flex e-con-boxed e-con e-parent\" data-id=\"c921a46\" data-element_type=\"container\" data-e-type=\"container\" data-settings=\"{&quot;background_background&quot;:&quot;classic&quot;}\">\n\t\t\t\t\t<div class=\"e-con-inner\">\n\t\t<div class=\"elementor-element elementor-element-56631ac e-con-full e-flex e-con e-child\" data-id=\"56631ac\" data-element_type=\"container\" data-e-type=\"container\">\n\t\t\t\t<div class=\"elementor-element elementor-element-72491fd elementor-widget elementor-widget-image\" data-id=\"72491fd\" data-element_type=\"widget\" data-e-type=\"widget\" data-widget_type=\"image.default\">\n\t\t\t\t\t\t\t\t\t\t\t\t\t\t\t<img fetchpriority=\"high\" decoding=\"async\" width=\"2560\" height=\"1707\" src=\"https:\/\/cocoonpropertiesmauritius.com\/wp-content\/uploads\/2026\/02\/085__A7305092-1-scaled.jpg\" class=\"attachment-full size-full wp-image-1724\" alt=\"\" srcset=\"https:\/\/cocoonpropertiesmauritius.com\/wp-content\/uploads\/2026\/02\/085__A7305092-1-scaled.jpg 2560w, https:\/\/cocoonpropertiesmauritius.com\/wp-content\/uploads\/2026\/02\/085__A7305092-1-300x200.jpg 300w, https:\/\/cocoonpropertiesmauritius.com\/wp-content\/uploads\/2026\/02\/085__A7305092-1-1024x683.jpg 1024w, https:\/\/cocoonpropertiesmauritius.com\/wp-content\/uploads\/2026\/02\/085__A7305092-1-768x512.jpg 768w, https:\/\/cocoonpropertiesmauritius.com\/wp-content\/uploads\/2026\/02\/085__A7305092-1-1536x1024.jpg 1536w, https:\/\/cocoonpropertiesmauritius.com\/wp-content\/uploads\/2026\/02\/085__A7305092-1-2048x1365.jpg 2048w, https:\/\/cocoonpropertiesmauritius.com\/wp-content\/uploads\/2026\/02\/085__A7305092-1-18x12.jpg 18w\" sizes=\"(max-width: 2560px) 100vw, 2560px\" \/>\t\t\t\t\t\t\t\t\t\t\t\t\t\t\t<\/div>\n\t\t\t\t<\/div>\n\t\t<div class=\"elementor-element elementor-element-bac0cf3 e-con-full e-flex e-con e-child\" data-id=\"bac0cf3\" data-element_type=\"container\" data-e-type=\"container\">\n\t\t\t\t<div class=\"elementor-element elementor-element-bc5e38e elementor-widget elementor-widget-elementskit-heading\" data-id=\"bc5e38e\" data-element_type=\"widget\" data-e-type=\"widget\" data-widget_type=\"elementskit-heading.default\">\n\t\t\t\t\t<div class=\"ekit-wid-con\" ><div class=\"ekit-heading elementskit-section-title-wraper text_left   ekit_heading_tablet-   ekit_heading_mobile-\"><h2 class=\"ekit-heading--title elementskit-section-title\">Un choix d'investissement r\u00e9fl\u00e9chi et s\u00e9curis\u00e9 <\/h2><\/div><\/div>\t\t\t\t<\/div>\n\t\t\t\t<div class=\"elementor-element elementor-element-77b1cae elementor-widget elementor-widget-text-editor\" data-id=\"77b1cae\" data-element_type=\"widget\" data-e-type=\"widget\" data-widget_type=\"text-editor.default\">\n\t\t\t\t\t\t\t\t\t<p>L\u2019\u00eele Maurice est bien plus qu\u2019une simple destination de r\u00eave : c\u2019est une v\u00e9ritable plateforme d\u2019opportunit\u00e9s pour les investisseurs immobiliers en qu\u00eate de s\u00e9curit\u00e9, de rentabilit\u00e9 et de bien-\u00eatre.<\/p>\t\t\t\t\t\t\t\t<\/div>\n\t\t\t\t<\/div>\n\t\t\t\t\t<\/div>\n\t\t\t\t<\/div>\n\t\t\t\t<section class=\"elementor-section elementor-top-section elementor-element elementor-element-9846280 elementor-section-boxed elementor-section-height-default elementor-section-height-default\" data-id=\"9846280\" data-element_type=\"section\" data-e-type=\"section\" data-settings=\"{&quot;background_background&quot;:&quot;classic&quot;}\">\n\t\t\t\t\t\t<div class=\"elementor-container elementor-column-gap-wide\">\n\t\t\t\t\t<div class=\"elementor-column elementor-col-100 elementor-top-column elementor-element elementor-element-65718c9\" data-id=\"65718c9\" data-element_type=\"column\" data-e-type=\"column\">\n\t\t\t<div class=\"elementor-widget-wrap elementor-element-populated\">\n\t\t\t\t\t\t<div class=\"elementor-element elementor-element-7465591 elementor-widget elementor-widget-heading\" data-id=\"7465591\" data-element_type=\"widget\" data-e-type=\"widget\" data-widget_type=\"heading.default\">\n\t\t\t\t\t<h2 class=\"elementor-heading-title elementor-size-default\">Pourquoi Maurice attire-t-elle autant d\u2019investisseurs ? <\/h2>\t\t\t\t<\/div>\n\t\t\t\t<section class=\"elementor-section elementor-inner-section elementor-element elementor-element-815f9c1 elementor-section-boxed elementor-section-height-default elementor-section-height-default\" data-id=\"815f9c1\" data-element_type=\"section\" data-e-type=\"section\">\n\t\t\t\t\t\t<div class=\"elementor-container elementor-column-gap-wide\">\n\t\t\t\t\t<div class=\"elementor-column elementor-col-33 elementor-inner-column elementor-element elementor-element-3d1c2a8\" data-id=\"3d1c2a8\" data-element_type=\"column\" data-e-type=\"column\" data-settings=\"{&quot;background_background&quot;:&quot;classic&quot;}\">\n\t\t\t<div class=\"elementor-widget-wrap elementor-element-populated\">\n\t\t\t\t\t\t<div class=\"elementor-element elementor-element-4a1bcbe elementor-widget elementor-widget-image-box\" data-id=\"4a1bcbe\" data-element_type=\"widget\" data-e-type=\"widget\" data-widget_type=\"image-box.default\">\n\t\t\t\t\t<div class=\"elementor-image-box-wrapper\"><div class=\"elementor-image-box-content\"><h5 class=\"elementor-image-box-title\">Taxation <br>attractive<\/h5><p class=\"elementor-image-box-description\">B\u00e9n\u00e9ficiez d\u2019un r\u00e9gime fiscal avantageux : pas d\u2019imp\u00f4t sur les plus-values et une fiscalit\u00e9 faible sur les revenus locatifs, id\u00e9al pour maximiser les rendements.<\/p><\/div><\/div>\t\t\t\t<\/div>\n\t\t\t\t<div class=\"elementor-element elementor-element-24afce2 elementor-align-center elementor-widget elementor-widget-button\" data-id=\"24afce2\" data-element_type=\"widget\" data-e-type=\"widget\" data-widget_type=\"button.default\">\n\t\t\t\t\t\t\t\t\t\t<a class=\"elementor-button elementor-button-link elementor-size-sm\" href=\"https:\/\/cocoonpropertiesmauritius.com\/fr\/blog\/\">\n\t\t\t\t\t\t<span class=\"elementor-button-content-wrapper\">\n\t\t\t\t\t\t\t\t\t<span class=\"elementor-button-text\">En savoir plus<\/span>\n\t\t\t\t\t<\/span>\n\t\t\t\t\t<\/a>\n\t\t\t\t\t\t\t\t<\/div>\n\t\t\t\t\t<\/div>\n\t\t<\/div>\n\t\t\t\t<div class=\"elementor-column elementor-col-33 elementor-inner-column elementor-element elementor-element-572fc84\" data-id=\"572fc84\" data-element_type=\"column\" data-e-type=\"column\" data-settings=\"{&quot;background_background&quot;:&quot;classic&quot;}\">\n\t\t\t<div class=\"elementor-widget-wrap elementor-element-populated\">\n\t\t\t\t\t\t<div class=\"elementor-element elementor-element-9bb44d0 elementor-widget elementor-widget-image-box\" data-id=\"9bb44d0\" data-element_type=\"widget\" data-e-type=\"widget\" data-widget_type=\"image-box.default\">\n\t\t\t\t\t<div class=\"elementor-image-box-wrapper\"><div class=\"elementor-image-box-content\"><h5 class=\"elementor-image-box-title\">Stabilit\u00e9 politique et \u00e9conomique<\/h5><p class=\"elementor-image-box-description\">Le pays b\u00e9n\u00e9ficie d'une gouvernance solide et d'un environnement \u00e9conomique stable,\noffrant un cadre s\u00e9curis\u00e9 pour vos investissements.<\/p><\/div><\/div>\t\t\t\t<\/div>\n\t\t\t\t<div class=\"elementor-element elementor-element-620d77a elementor-align-center elementor-widget elementor-widget-button\" data-id=\"620d77a\" data-element_type=\"widget\" data-e-type=\"widget\" data-widget_type=\"button.default\">\n\t\t\t\t\t\t\t\t\t\t<a class=\"elementor-button elementor-button-link elementor-size-sm\" href=\"https:\/\/cocoonpropertiesmauritius.com\/fr\/blog\/\">\n\t\t\t\t\t\t<span class=\"elementor-button-content-wrapper\">\n\t\t\t\t\t\t\t\t\t<span class=\"elementor-button-text\">En savoir plus<\/span>\n\t\t\t\t\t<\/span>\n\t\t\t\t\t<\/a>\n\t\t\t\t\t\t\t\t<\/div>\n\t\t\t\t\t<\/div>\n\t\t<\/div>\n\t\t\t\t<div class=\"elementor-column elementor-col-33 elementor-inner-column elementor-element elementor-element-0f34f18\" data-id=\"0f34f18\" data-element_type=\"column\" data-e-type=\"column\" data-settings=\"{&quot;background_background&quot;:&quot;classic&quot;}\">\n\t\t\t<div class=\"elementor-widget-wrap elementor-element-populated\">\n\t\t\t\t\t\t<div class=\"elementor-element elementor-element-9281080 elementor-widget elementor-widget-image-box\" data-id=\"9281080\" data-element_type=\"widget\" data-e-type=\"widget\" data-widget_type=\"image-box.default\">\n\t\t\t\t\t<div class=\"elementor-image-box-wrapper\"><div class=\"elementor-image-box-content\"><h5 class=\"elementor-image-box-title\">Qualit\u00e9 de vie exceptionnelle<\/h5><p class=\"elementor-image-box-description\">Du soleil toute l'ann\u00e9e ... infrastructures modernes et un style de vie d\u00e9tendu font de Maurice un lieu de vie tr\u00e8s pris\u00e9.<\/p><\/div><\/div>\t\t\t\t<\/div>\n\t\t\t\t<div class=\"elementor-element elementor-element-578daf4 elementor-align-center elementor-widget elementor-widget-button\" data-id=\"578daf4\" data-element_type=\"widget\" data-e-type=\"widget\" data-widget_type=\"button.default\">\n\t\t\t\t\t\t\t\t\t\t<a class=\"elementor-button elementor-button-link elementor-size-sm\" href=\"https:\/\/cocoonpropertiesmauritius.com\/fr\/blog\/\">\n\t\t\t\t\t\t<span class=\"elementor-button-content-wrapper\">\n\t\t\t\t\t\t\t\t\t<span class=\"elementor-button-text\">En savoir plus<\/span>\n\t\t\t\t\t<\/span>\n\t\t\t\t\t<\/a>\n\t\t\t\t\t\t\t\t<\/div>\n\t\t\t\t\t<\/div>\n\t\t<\/div>\n\t\t\t\t\t<\/div>\n\t\t<\/section>\n\t\t\t\t<section class=\"elementor-section elementor-inner-section elementor-element elementor-element-315e275 elementor-section-boxed elementor-section-height-default elementor-section-height-default\" data-id=\"315e275\" data-element_type=\"section\" data-e-type=\"section\">\n\t\t\t\t\t\t<div class=\"elementor-container elementor-column-gap-wide\">\n\t\t\t\t\t<div class=\"elementor-column elementor-col-33 elementor-inner-column elementor-element elementor-element-3e50f93\" data-id=\"3e50f93\" data-element_type=\"column\" data-e-type=\"column\" data-settings=\"{&quot;background_background&quot;:&quot;classic&quot;}\">\n\t\t\t<div class=\"elementor-widget-wrap elementor-element-populated\">\n\t\t\t\t\t\t<div class=\"elementor-element elementor-element-ff52ebe elementor-widget elementor-widget-image-box\" data-id=\"ff52ebe\" data-element_type=\"widget\" data-e-type=\"widget\" data-widget_type=\"image-box.default\">\n\t\t\t\t\t<div class=\"elementor-image-box-wrapper\"><div class=\"elementor-image-box-content\"><h5 class=\"elementor-image-box-title\"> Forte Demande <br>locative<\/h5><p class=\"elementor-image-box-description\">L'\u00eele Maurice attire un nombre croissant d'expatri\u00e9s \u00e0 la recherche d'un logement de qualit\u00e9,\ncr\u00e9ant une forte demande sur le march\u00e9 locatif.<\/p><\/div><\/div>\t\t\t\t<\/div>\n\t\t\t\t<div class=\"elementor-element elementor-element-82dafbe elementor-align-center elementor-widget elementor-widget-button\" data-id=\"82dafbe\" data-element_type=\"widget\" data-e-type=\"widget\" data-widget_type=\"button.default\">\n\t\t\t\t\t\t\t\t\t\t<a class=\"elementor-button elementor-button-link elementor-size-sm\" href=\"https:\/\/cocoonpropertiesmauritius.com\/fr\/blog\/\">\n\t\t\t\t\t\t<span class=\"elementor-button-content-wrapper\">\n\t\t\t\t\t\t\t\t\t<span class=\"elementor-button-text\">En savoir plus<\/span>\n\t\t\t\t\t<\/span>\n\t\t\t\t\t<\/a>\n\t\t\t\t\t\t\t\t<\/div>\n\t\t\t\t\t<\/div>\n\t\t<\/div>\n\t\t\t\t<div class=\"elementor-column elementor-col-33 elementor-inner-column elementor-element elementor-element-272503c\" data-id=\"272503c\" data-element_type=\"column\" data-e-type=\"column\" data-settings=\"{&quot;background_background&quot;:&quot;classic&quot;}\">\n\t\t\t<div class=\"elementor-widget-wrap elementor-element-populated\">\n\t\t\t\t\t\t<div class=\"elementor-element elementor-element-e5b2e07 elementor-widget elementor-widget-image-box\" data-id=\"e5b2e07\" data-element_type=\"widget\" data-e-type=\"widget\" data-widget_type=\"image-box.default\">\n\t\t\t\t\t<div class=\"elementor-image-box-wrapper\"><div class=\"elementor-image-box-content\"><h5 class=\"elementor-image-box-title\">Offres immobili\u00e8res pour \u00e9trangers<\/h5><p class=\"elementor-image-box-description\">Les programmes gouvernementaux (PDS, Smart City, G+2) permettent aux non-r\u00e9sidents d\u2019investir en toute s\u00e9curit\u00e9.<\/p><\/div><\/div>\t\t\t\t<\/div>\n\t\t\t\t<div class=\"elementor-element elementor-element-f595f2f elementor-align-center elementor-widget elementor-widget-button\" data-id=\"f595f2f\" data-element_type=\"widget\" data-e-type=\"widget\" data-widget_type=\"button.default\">\n\t\t\t\t\t\t\t\t\t\t<a class=\"elementor-button elementor-button-link elementor-size-sm\" href=\"https:\/\/cocoonpropertiesmauritius.com\/fr\/blog\/\">\n\t\t\t\t\t\t<span class=\"elementor-button-content-wrapper\">\n\t\t\t\t\t\t\t\t\t<span class=\"elementor-button-text\">En savoir plus<\/span>\n\t\t\t\t\t<\/span>\n\t\t\t\t\t<\/a>\n\t\t\t\t\t\t\t\t<\/div>\n\t\t\t\t\t<\/div>\n\t\t<\/div>\n\t\t\t\t<div class=\"elementor-column elementor-col-33 elementor-inner-column elementor-element elementor-element-ec9c7a5\" data-id=\"ec9c7a5\" data-element_type=\"column\" data-e-type=\"column\">\n\t\t\t<div class=\"elementor-widget-wrap\">\n\t\t\t\t\t\t\t<\/div>\n\t\t<\/div>\n\t\t\t\t\t<\/div>\n\t\t<\/section>\n\t\t\t\t\t<\/div>\n\t\t<\/div>\n\t\t\t\t\t<\/div>\n\t\t<\/section>\n\t\t<div class=\"elementor-element elementor-element-a1b5f8d e-flex e-con-boxed e-con e-parent\" data-id=\"a1b5f8d\" data-element_type=\"container\" data-e-type=\"container\" data-settings=\"{&quot;background_background&quot;:&quot;classic&quot;}\">\n\t\t\t\t\t<div class=\"e-con-inner\">\n\t\t<div class=\"elementor-element elementor-element-344ed5f e-con-full e-flex e-con e-child\" data-id=\"344ed5f\" data-element_type=\"container\" data-e-type=\"container\">\n\t\t\t\t<div class=\"elementor-element elementor-element-6a9ff5f elementor-widget elementor-widget-image\" data-id=\"6a9ff5f\" data-element_type=\"widget\" data-e-type=\"widget\" data-widget_type=\"image.default\">\n\t\t\t\t\t\t\t\t\t\t\t\t\t\t\t<img decoding=\"async\" width=\"1600\" height=\"1200\" src=\"https:\/\/cocoonpropertiesmauritius.com\/wp-content\/uploads\/2026\/02\/WhatsApp-Image-2026-02-26-at-14.29.14.jpeg\" class=\"attachment-full size-full wp-image-1781\" alt=\"\" srcset=\"https:\/\/cocoonpropertiesmauritius.com\/wp-content\/uploads\/2026\/02\/WhatsApp-Image-2026-02-26-at-14.29.14.jpeg 1600w, https:\/\/cocoonpropertiesmauritius.com\/wp-content\/uploads\/2026\/02\/WhatsApp-Image-2026-02-26-at-14.29.14-300x225.jpeg 300w, https:\/\/cocoonpropertiesmauritius.com\/wp-content\/uploads\/2026\/02\/WhatsApp-Image-2026-02-26-at-14.29.14-1024x768.jpeg 1024w, https:\/\/cocoonpropertiesmauritius.com\/wp-content\/uploads\/2026\/02\/WhatsApp-Image-2026-02-26-at-14.29.14-768x576.jpeg 768w, https:\/\/cocoonpropertiesmauritius.com\/wp-content\/uploads\/2026\/02\/WhatsApp-Image-2026-02-26-at-14.29.14-1536x1152.jpeg 1536w, https:\/\/cocoonpropertiesmauritius.com\/wp-content\/uploads\/2026\/02\/WhatsApp-Image-2026-02-26-at-14.29.14-16x12.jpeg 16w\" sizes=\"(max-width: 1600px) 100vw, 1600px\" \/>\t\t\t\t\t\t\t\t\t\t\t\t\t\t\t<\/div>\n\t\t\t\t<\/div>\n\t\t<div class=\"elementor-element elementor-element-c702d33 e-con-full e-flex e-con e-child\" data-id=\"c702d33\" data-element_type=\"container\" data-e-type=\"container\">\n\t\t\t\t<div class=\"elementor-element elementor-element-f5e2e8b elementor-widget elementor-widget-elementskit-heading\" data-id=\"f5e2e8b\" data-element_type=\"widget\" data-e-type=\"widget\" data-widget_type=\"elementskit-heading.default\">\n\t\t\t\t\t<div class=\"ekit-wid-con\" ><div class=\"ekit-heading elementskit-section-title-wraper text_left   ekit_heading_tablet-   ekit_heading_mobile-\"><h2 class=\"ekit-heading--title elementskit-section-title\">Investir \u00e0 Maurice<\/h2><\/div><\/div>\t\t\t\t<\/div>\n\t\t\t\t<div class=\"elementor-element elementor-element-7d28c89 elementor-widget elementor-widget-text-editor\" data-id=\"7d28c89\" data-element_type=\"widget\" data-e-type=\"widget\" data-widget_type=\"text-editor.default\">\n\t\t\t\t\t\t\t\t\t<p class=\"translation-block\">Investir \u00e0 l'\u00cele Maurice, c'est allier plaisir, style de vie et tranquillit\u00e9 d'esprit.<br>Avec Cocoon Properties, laissez-vous guider par de v\u00e9ritables passionn\u00e9s de l'\u00eele pour transformer<br>votre r\u00eave immobilier en r\u00e9alit\u00e9 \u2014 en toute confiance.<\/p>\t\t\t\t\t\t\t\t<\/div>\n\t\t\t\t<\/div>\n\t\t\t\t\t<\/div>\n\t\t\t\t<\/div>\n\t\t\t\t<\/div>\n\t\t\n    <div class=\"xs_social_share_widget xs_share_url after_content \t\tmain_content  wslu-style-1 wslu-share-box-shaped wslu-fill-colored wslu-none wslu-share-horizontal wslu-theme-font-no wslu-main_content\">\n\n\t\t\n        <ul>\n\t\t\t        <\/ul>\n    <\/div>","protected":false},"excerpt":{"rendered":"<p>Invest in Mauritius A Thoughtful &amp; Secure Investment Choice Mauritius is more than just a dream destination \u2014 it\u2019s a thriving hub of opportunity for real estate investors seeking security, profitability, and well-being. Why does Mauritius attract so many investors? Attractive Tax System Enjoy a favorable tax regime with no capital gains tax and low [&hellip;]<\/p>\n","protected":false},"author":2,"featured_media":0,"parent":0,"menu_order":0,"comment_status":"closed","ping_status":"closed","template":"elementor_header_footer","meta":{"footnotes":""},"class_list":["post-555","page","type-page","status-publish","hentry"],"aioseo_notices":[],"_links":{"self":[{"href":"https:\/\/cocoonpropertiesmauritius.com\/fr\/wp-json\/wp\/v2\/pages\/555","targetHints":{"allow":["GET"]}}],"collection":[{"href":"https:\/\/cocoonpropertiesmauritius.com\/fr\/wp-json\/wp\/v2\/pages"}],"about":[{"href":"https:\/\/cocoonpropertiesmauritius.com\/fr\/wp-json\/wp\/v2\/types\/page"}],"author":[{"embeddable":true,"href":"https:\/\/cocoonpropertiesmauritius.com\/fr\/wp-json\/wp\/v2\/users\/2"}],"replies":[{"embeddable":true,"href":"https:\/\/cocoonpropertiesmauritius.com\/fr\/wp-json\/wp\/v2\/comments?post=555"}],"version-history":[{"count":25,"href":"https:\/\/cocoonpropertiesmauritius.com\/fr\/wp-json\/wp\/v2\/pages\/555\/revisions"}],"predecessor-version":[{"id":1784,"href":"https:\/\/cocoonpropertiesmauritius.com\/fr\/wp-json\/wp\/v2\/pages\/555\/revisions\/1784"}],"wp:attachment":[{"href":"https:\/\/cocoonpropertiesmauritius.com\/fr\/wp-json\/wp\/v2\/media?parent=555"}],"curies":[{"name":"wp","href":"https:\/\/api.w.org\/{rel}","templated":true}]}}