{"id":122,"date":"2025-12-08T18:33:05","date_gmt":"2025-12-08T18:33:05","guid":{"rendered":"https:\/\/cocoonpropertiesmauritius.com\/?page_id=122"},"modified":"2026-03-17T09:54:27","modified_gmt":"2026-03-17T09:54:27","slug":"services-2","status":"publish","type":"page","link":"https:\/\/cocoonpropertiesmauritius.com\/fr\/services-2\/","title":{"rendered":"Services"},"content":{"rendered":"<div data-elementor-type=\"wp-page\" data-elementor-id=\"122\" class=\"elementor elementor-122\" data-elementor-post-type=\"page\">\n\t\t\t\t\t\t<section class=\"elementor-section elementor-top-section elementor-element elementor-element-2f4871b7 elementor-section-height-min-height elementor-section-boxed elementor-section-height-default elementor-section-items-middle\" data-id=\"2f4871b7\" data-element_type=\"section\" data-e-type=\"section\" data-settings=\"{&quot;background_background&quot;:&quot;classic&quot;}\">\n\t\t\t\t\t\t\t<div class=\"elementor-background-overlay\"><\/div>\n\t\t\t\t\t\t\t<div class=\"elementor-container elementor-column-gap-wide\">\n\t\t\t\t\t<div class=\"elementor-column elementor-col-100 elementor-top-column elementor-element elementor-element-41867d55\" data-id=\"41867d55\" data-element_type=\"column\" data-e-type=\"column\">\n\t\t\t<div class=\"elementor-widget-wrap elementor-element-populated\">\n\t\t\t\t\t\t<div class=\"elementor-element elementor-element-3c298afa elementor-widget elementor-widget-heading\" data-id=\"3c298afa\" data-element_type=\"widget\" data-e-type=\"widget\" data-widget_type=\"heading.default\">\n\t\t\t\t\t<h1 class=\"elementor-heading-title elementor-size-default\">Nos prestations<\/h1>\t\t\t\t<\/div>\n\t\t\t\t\t<\/div>\n\t\t<\/div>\n\t\t\t\t\t<\/div>\n\t\t<\/section>\n\t\t\t\t<section class=\"elementor-section elementor-top-section elementor-element elementor-element-62bd3d54 elementor-section-boxed elementor-section-height-default elementor-section-height-default\" data-id=\"62bd3d54\" data-element_type=\"section\" data-e-type=\"section\" data-settings=\"{&quot;background_background&quot;:&quot;classic&quot;}\">\n\t\t\t\t\t\t<div class=\"elementor-container elementor-column-gap-wide\">\n\t\t\t\t\t<div class=\"elementor-column elementor-col-100 elementor-top-column elementor-element elementor-element-74e55a62\" data-id=\"74e55a62\" data-element_type=\"column\" data-e-type=\"column\">\n\t\t\t<div class=\"elementor-widget-wrap elementor-element-populated\">\n\t\t\t\t\t\t<div class=\"elementor-element elementor-element-48b680de elementor-widget elementor-widget-heading\" data-id=\"48b680de\" data-element_type=\"widget\" data-e-type=\"widget\" data-widget_type=\"heading.default\">\n\t\t\t\t\t<h2 class=\"elementor-heading-title elementor-size-default\">Prise en charge compl\u00e8te de A \u00e0 Z par Cocoon Properties<\/h2>\t\t\t\t<\/div>\n\t\t\t\t<div class=\"elementor-element elementor-element-562a5c96 elementor-widget elementor-widget-text-editor\" data-id=\"562a5c96\" data-element_type=\"widget\" data-e-type=\"widget\" data-widget_type=\"text-editor.default\">\n\t\t\t\t\t\t\t\t\t<p class=\"translation-block\">Chez Cocoon Properties, nous nous engageons totalement \u00e0 vous guider \u00e0 chaque<br>\u00e9tape de votre parcours immobilier avec soin, pr\u00e9cision et expertise\u00a0:<\/p>\t\t\t\t\t\t\t\t<\/div>\n\t\t\t\t<section class=\"elementor-section elementor-inner-section elementor-element elementor-element-37e0503a elementor-section-boxed elementor-section-height-default elementor-section-height-default\" data-id=\"37e0503a\" data-element_type=\"section\" data-e-type=\"section\">\n\t\t\t\t\t\t<div class=\"elementor-container elementor-column-gap-wide\">\n\t\t\t\t\t<div class=\"elementor-column elementor-col-33 elementor-inner-column elementor-element elementor-element-51b7ee12\" data-id=\"51b7ee12\" data-element_type=\"column\" data-e-type=\"column\">\n\t\t\t<div class=\"elementor-widget-wrap elementor-element-populated\">\n\t\t\t\t\t\t<div class=\"elementor-element elementor-element-4996c1c8 elementor-widget elementor-widget-image-box\" data-id=\"4996c1c8\" data-element_type=\"widget\" data-e-type=\"widget\" data-widget_type=\"image-box.default\">\n\t\t\t\t\t<div class=\"elementor-image-box-wrapper\"><div class=\"elementor-image-box-content\"><h5 class=\"elementor-image-box-title\">Recherche et s\u00e9lection de propri\u00e9t\u00e9s<\/h5><p class=\"elementor-image-box-description\">Nous prenons le temps d'\u00e9couter et de comprendre vos besoins afin de vous proposer\ndes propri\u00e9t\u00e9s qui correspondent vraiment \u00e0 vos objectifs, qu'il s'agisse d'un investissement, d\u2019une residence principale ou d\u2019une maison de vacances.<\/p><\/div><\/div>\t\t\t\t<\/div>\n\t\t\t\t\t<\/div>\n\t\t<\/div>\n\t\t\t\t<div class=\"elementor-column elementor-col-33 elementor-inner-column elementor-element elementor-element-2bd09bc8\" data-id=\"2bd09bc8\" data-element_type=\"column\" data-e-type=\"column\">\n\t\t\t<div class=\"elementor-widget-wrap elementor-element-populated\">\n\t\t\t\t\t\t<div class=\"elementor-element elementor-element-314295f6 elementor-widget elementor-widget-image-box\" data-id=\"314295f6\" data-element_type=\"widget\" data-e-type=\"widget\" data-widget_type=\"image-box.default\">\n\t\t\t\t\t<div class=\"elementor-image-box-wrapper\"><div class=\"elementor-image-box-content\"><h5 class=\"elementor-image-box-title\">Visites personnalis\u00e9es &amp; Conseils techniques<\/h5><p class=\"elementor-image-box-description\">Nous \u00e9valuons le potentiel de chaque bien, son \u00e9tat, ses possibilit\u00e9s d'am\u00e9nagement, ses\nr\u00e9glementations, etc. Nous organisons des visites et apportons un regard professionnel.<\/p><\/div><\/div>\t\t\t\t<\/div>\n\t\t\t\t\t<\/div>\n\t\t<\/div>\n\t\t\t\t<div class=\"elementor-column elementor-col-33 elementor-inner-column elementor-element elementor-element-68c84b\" data-id=\"68c84b\" data-element_type=\"column\" data-e-type=\"column\">\n\t\t\t<div class=\"elementor-widget-wrap elementor-element-populated\">\n\t\t\t\t\t\t<div class=\"elementor-element elementor-element-4d8dc226 elementor-widget elementor-widget-image-box\" data-id=\"4d8dc226\" data-element_type=\"widget\" data-e-type=\"widget\" data-widget_type=\"image-box.default\">\n\t\t\t\t\t<div class=\"elementor-image-box-wrapper\"><div class=\"elementor-image-box-content\"><h5 class=\"elementor-image-box-title\">N\u00e9gociation et soutien juridique<\/h5><p class=\"elementor-image-box-description\">Nous vous aidons \u00e0 n\u00e9gocier le prix et les conditions de vente. Nous travaillons main dans la main avec\ndes notaires et des partenaires juridiques de confiance pour garantir un processus fluide.<\/p><\/div><\/div>\t\t\t\t<\/div>\n\t\t\t\t\t<\/div>\n\t\t<\/div>\n\t\t\t\t\t<\/div>\n\t\t<\/section>\n\t\t\t\t<section class=\"elementor-section elementor-inner-section elementor-element elementor-element-3432b195 elementor-section-boxed elementor-section-height-default elementor-section-height-default\" data-id=\"3432b195\" data-element_type=\"section\" data-e-type=\"section\">\n\t\t\t\t\t\t<div class=\"elementor-container elementor-column-gap-wide\">\n\t\t\t\t\t<div class=\"elementor-column elementor-col-33 elementor-inner-column elementor-element elementor-element-7fad0707\" data-id=\"7fad0707\" data-element_type=\"column\" data-e-type=\"column\">\n\t\t\t<div class=\"elementor-widget-wrap elementor-element-populated\">\n\t\t\t\t\t\t<div class=\"elementor-element elementor-element-decfe62 elementor-widget elementor-widget-image-box\" data-id=\"decfe62\" data-element_type=\"widget\" data-e-type=\"widget\" data-widget_type=\"image-box.default\">\n\t\t\t\t\t<div class=\"elementor-image-box-wrapper\"><div class=\"elementor-image-box-content\"><h5 class=\"elementor-image-box-title\">Suivi administratif &amp; transfert<\/h5><p class=\"elementor-image-box-description\">Nous vous accompagnons pas \u00e0 pas depuis la promesse de vente jusqu'\u00e0 la signature finale. Nous restons \u00e0 vos c\u00f4t\u00e9s jusqu'\u00e0 la remise des cl\u00e9s, et m\u00eame au-del\u00e0.<\/p><\/div><\/div>\t\t\t\t<\/div>\n\t\t\t\t\t<\/div>\n\t\t<\/div>\n\t\t\t\t<div class=\"elementor-column elementor-col-33 elementor-inner-column elementor-element elementor-element-2d98fa92\" data-id=\"2d98fa92\" data-element_type=\"column\" data-e-type=\"column\">\n\t\t\t<div class=\"elementor-widget-wrap elementor-element-populated\">\n\t\t\t\t\t\t<div class=\"elementor-element elementor-element-39696625 elementor-widget elementor-widget-image-box\" data-id=\"39696625\" data-element_type=\"widget\" data-e-type=\"widget\" data-widget_type=\"image-box.default\">\n\t\t\t\t\t<div class=\"elementor-image-box-wrapper\"><div class=\"elementor-image-box-content\"><h5 class=\"elementor-image-box-title\">Gestion Locative  &amp;\nRevente de bien<\/h5><p class=\"elementor-image-box-description\">Vous envisagez de louer votre bien ?\n\nNous pouvons en assurer la gestion locative ou vous accompagner dans sa revente afin d\u2019optimiser la rentabilit\u00e9 de votre investissement.<\/p><\/div><\/div>\t\t\t\t<\/div>\n\t\t\t\t\t<\/div>\n\t\t<\/div>\n\t\t\t\t<div class=\"elementor-column elementor-col-33 elementor-inner-column elementor-element elementor-element-3898d0b0\" data-id=\"3898d0b0\" data-element_type=\"column\" data-e-type=\"column\">\n\t\t\t<div class=\"elementor-widget-wrap elementor-element-populated\">\n\t\t\t\t\t\t<div class=\"elementor-element elementor-element-5a178b8c elementor-widget elementor-widget-image-box\" data-id=\"5a178b8c\" data-element_type=\"widget\" data-e-type=\"widget\" data-widget_type=\"image-box.default\">\n\t\t\t\t\t<div class=\"elementor-image-box-wrapper\"><div class=\"elementor-image-box-content\"><h5 class=\"elementor-image-box-title\">Accompagnement des expatri\u00e9s<\/h5><p class=\"elementor-image-box-description\">Vous d\u00e9m\u00e9nagez \u00e0 l\u2019\u00cele Maurice ?\nNous vous accompagnons \u00e0 chaque \u00e9tape de votre installation : d\u00e9marches administratives, scolarit\u00e9 et int\u00e9gration, pour une transition en toute s\u00e9r\u00e9nit\u00e9.<\/p><\/div><\/div>\t\t\t\t<\/div>\n\t\t\t\t\t<\/div>\n\t\t<\/div>\n\t\t\t\t\t<\/div>\n\t\t<\/section>\n\t\t\t\t\t<\/div>\n\t\t<\/div>\n\t\t\t\t\t<\/div>\n\t\t<\/section>\n\t\t\t\t<\/div>\n\t\t\n    <div class=\"xs_social_share_widget xs_share_url after_content \t\tmain_content  wslu-style-1 wslu-share-box-shaped wslu-fill-colored wslu-none wslu-share-horizontal wslu-theme-font-no wslu-main_content\">\n\n\t\t\n        <ul>\n\t\t\t        <\/ul>\n    <\/div>","protected":false},"excerpt":{"rendered":"<p>Our Services Full Support from A to Z by Cocoon Properties At Cocoon Properties, we are deeply committed to guiding you through everystep of your property journey with care, precision, and expertise: Property Search &amp; Selection We take the time to listen and understand your needs in order to propose properties that truly match your [&hellip;]<\/p>\n","protected":false},"author":2,"featured_media":0,"parent":0,"menu_order":0,"comment_status":"closed","ping_status":"closed","template":"","meta":{"footnotes":""},"class_list":["post-122","page","type-page","status-publish","hentry"],"aioseo_notices":[],"_links":{"self":[{"href":"https:\/\/cocoonpropertiesmauritius.com\/fr\/wp-json\/wp\/v2\/pages\/122","targetHints":{"allow":["GET"]}}],"collection":[{"href":"https:\/\/cocoonpropertiesmauritius.com\/fr\/wp-json\/wp\/v2\/pages"}],"about":[{"href":"https:\/\/cocoonpropertiesmauritius.com\/fr\/wp-json\/wp\/v2\/types\/page"}],"author":[{"embeddable":true,"href":"https:\/\/cocoonpropertiesmauritius.com\/fr\/wp-json\/wp\/v2\/users\/2"}],"replies":[{"embeddable":true,"href":"https:\/\/cocoonpropertiesmauritius.com\/fr\/wp-json\/wp\/v2\/comments?post=122"}],"version-history":[{"count":22,"href":"https:\/\/cocoonpropertiesmauritius.com\/fr\/wp-json\/wp\/v2\/pages\/122\/revisions"}],"predecessor-version":[{"id":1817,"href":"https:\/\/cocoonpropertiesmauritius.com\/fr\/wp-json\/wp\/v2\/pages\/122\/revisions\/1817"}],"wp:attachment":[{"href":"https:\/\/cocoonpropertiesmauritius.com\/fr\/wp-json\/wp\/v2\/media?parent=122"}],"curies":[{"name":"wp","href":"https:\/\/api.w.org\/{rel}","templated":true}]}}