{"id":104,"date":"2025-12-08T18:28:28","date_gmt":"2025-12-08T18:28:28","guid":{"rendered":"https:\/\/cocoonpropertiesmauritius.com\/?page_id=104"},"modified":"2026-02-25T13:36:39","modified_gmt":"2026-02-25T13:36:39","slug":"about-us","status":"publish","type":"page","link":"https:\/\/cocoonpropertiesmauritius.com\/fr\/about-us\/","title":{"rendered":"\u00c0 propos de nous"},"content":{"rendered":"<div data-elementor-type=\"wp-page\" data-elementor-id=\"104\" class=\"elementor elementor-104\" data-elementor-post-type=\"page\">\n\t\t\t\t\t\t<section class=\"elementor-section elementor-top-section elementor-element elementor-element-7d75a190 elementor-section-height-min-height elementor-section-boxed elementor-section-height-default elementor-section-items-middle\" data-id=\"7d75a190\" data-element_type=\"section\" data-e-type=\"section\" data-settings=\"{&quot;background_background&quot;:&quot;classic&quot;}\">\n\t\t\t\t\t\t\t<div class=\"elementor-background-overlay\"><\/div>\n\t\t\t\t\t\t\t<div class=\"elementor-container elementor-column-gap-wide\">\n\t\t\t\t\t<div class=\"elementor-column elementor-col-100 elementor-top-column elementor-element elementor-element-45e9d06f\" data-id=\"45e9d06f\" data-element_type=\"column\" data-e-type=\"column\">\n\t\t\t<div class=\"elementor-widget-wrap elementor-element-populated\">\n\t\t\t\t\t\t<div class=\"elementor-element elementor-element-6aa32c41 elementor-widget elementor-widget-heading\" data-id=\"6aa32c41\" data-element_type=\"widget\" data-e-type=\"widget\" data-widget_type=\"heading.default\">\n\t\t\t\t\t<h1 class=\"elementor-heading-title elementor-size-default\">\u00c0 propos de nous<\/h1>\t\t\t\t<\/div>\n\t\t\t\t\t<\/div>\n\t\t<\/div>\n\t\t\t\t\t<\/div>\n\t\t<\/section>\n\t\t<div class=\"elementor-element elementor-element-f496354 e-flex e-con-boxed e-con e-parent\" data-id=\"f496354\" data-element_type=\"container\" data-e-type=\"container\" data-settings=\"{&quot;background_background&quot;:&quot;classic&quot;}\">\n\t\t\t\t\t<div class=\"e-con-inner\">\n\t\t<div class=\"elementor-element elementor-element-5c3d06e e-con-full e-flex e-con e-child\" data-id=\"5c3d06e\" data-element_type=\"container\" data-e-type=\"container\">\n\t\t\t\t<div class=\"elementor-element elementor-element-0d3e914 elementor-widget elementor-widget-image\" data-id=\"0d3e914\" data-element_type=\"widget\" data-e-type=\"widget\" data-widget_type=\"image.default\">\n\t\t\t\t\t\t\t\t\t\t\t\t\t\t\t<img fetchpriority=\"high\" decoding=\"async\" width=\"1600\" height=\"1200\" src=\"https:\/\/cocoonpropertiesmauritius.com\/wp-content\/uploads\/2026\/02\/WhatsApp-Image-2025-05-08-at-11.36.46-2.jpeg\" class=\"attachment-full size-full wp-image-1692\" alt=\"\" srcset=\"https:\/\/cocoonpropertiesmauritius.com\/wp-content\/uploads\/2026\/02\/WhatsApp-Image-2025-05-08-at-11.36.46-2.jpeg 1600w, https:\/\/cocoonpropertiesmauritius.com\/wp-content\/uploads\/2026\/02\/WhatsApp-Image-2025-05-08-at-11.36.46-2-300x225.jpeg 300w, https:\/\/cocoonpropertiesmauritius.com\/wp-content\/uploads\/2026\/02\/WhatsApp-Image-2025-05-08-at-11.36.46-2-1024x768.jpeg 1024w, https:\/\/cocoonpropertiesmauritius.com\/wp-content\/uploads\/2026\/02\/WhatsApp-Image-2025-05-08-at-11.36.46-2-768x576.jpeg 768w, https:\/\/cocoonpropertiesmauritius.com\/wp-content\/uploads\/2026\/02\/WhatsApp-Image-2025-05-08-at-11.36.46-2-1536x1152.jpeg 1536w, https:\/\/cocoonpropertiesmauritius.com\/wp-content\/uploads\/2026\/02\/WhatsApp-Image-2025-05-08-at-11.36.46-2-16x12.jpeg 16w\" sizes=\"(max-width: 1600px) 100vw, 1600px\" \/>\t\t\t\t\t\t\t\t\t\t\t\t\t\t\t<\/div>\n\t\t\t\t<\/div>\n\t\t<div class=\"elementor-element elementor-element-1f98f89 e-con-full e-flex e-con e-child\" data-id=\"1f98f89\" data-element_type=\"container\" data-e-type=\"container\">\n\t\t\t\t<div class=\"elementor-element elementor-element-0e7f2e3 elementor-widget elementor-widget-elementskit-heading\" data-id=\"0e7f2e3\" data-element_type=\"widget\" data-e-type=\"widget\" data-widget_type=\"elementskit-heading.default\">\n\t\t\t\t\t<div class=\"ekit-wid-con\" ><div class=\"ekit-heading elementskit-section-title-wraper text_left   ekit_heading_tablet-   ekit_heading_mobile-\"><h2 class=\"ekit-heading--title elementskit-section-title\">\u00c0 propos de notre agence<\/h2><\/div><\/div>\t\t\t\t<\/div>\n\t\t\t\t<div class=\"elementor-element elementor-element-f774cd1 elementor-widget elementor-widget-text-editor\" data-id=\"f774cd1\" data-element_type=\"widget\" data-e-type=\"widget\" data-widget_type=\"text-editor.default\">\n\t\t\t\t\t\t\t\t\t<p class=\"translation-block\">Cocoon Properties est une agence familiale fond\u00e9e sur des valeurs qui nous tiennent \u00e0 c\u0153ur : proximit\u00e9, confiance, authenticit\u00e9 et passion.<br>Nous sommes une agence qui place l'humain, la g\u00e9n\u00e9rosit\u00e9 et la passion au c\u0153ur de chaque projet.<br>Notre \u00e9quipe vous accompagne avec empathie, \u00e9coute et discr\u00e9tion.<\/p>\t\t\t\t\t\t\t\t<\/div>\n\t\t\t\t<div class=\"elementor-element elementor-element-dfbf4d8 elementor-icon-list--layout-traditional elementor-list-item-link-full_width elementor-widget elementor-widget-icon-list\" data-id=\"dfbf4d8\" data-element_type=\"widget\" data-e-type=\"widget\" data-widget_type=\"icon-list.default\">\n\t\t\t\t\t\t\t<ul class=\"elementor-icon-list-items\">\n\t\t\t\t\t\t\t<li class=\"elementor-icon-list-item\">\n\t\t\t\t\t\t\t\t\t\t\t<span class=\"elementor-icon-list-icon\">\n\t\t\t\t\t\t\t<svg aria-hidden=\"true\" class=\"e-font-icon-svg e-fas-check-circle\" viewbox=\"0 0 512 512\" xmlns=\"http:\/\/www.w3.org\/2000\/svg\"><path d=\"M504 256c0 136.967-111.033 248-248 248S8 392.967 8 256 119.033 8 256 8s248 111.033 248 248zM227.314 387.314l184-184c6.248-6.248 6.248-16.379 0-22.627l-22.627-22.627c-6.248-6.249-16.379-6.249-22.628 0L216 308.118l-70.059-70.059c-6.248-6.248-16.379-6.248-22.628 0l-22.627 22.627c-6.248 6.248-6.248 16.379 0 22.627l104 104c6.249 6.249 16.379 6.249 22.628.001z\"><\/path><\/svg>\t\t\t\t\t\t<\/span>\n\t\t\t\t\t\t\t\t\t\t<span class=\"elementor-icon-list-text\">Un accompagnement personnalis\u00e9<\/span>\n\t\t\t\t\t\t\t\t\t<\/li>\n\t\t\t\t\t\t\t\t<li class=\"elementor-icon-list-item\">\n\t\t\t\t\t\t\t\t\t\t\t<span class=\"elementor-icon-list-icon\">\n\t\t\t\t\t\t\t<svg aria-hidden=\"true\" class=\"e-font-icon-svg e-fas-check-circle\" viewbox=\"0 0 512 512\" xmlns=\"http:\/\/www.w3.org\/2000\/svg\"><path d=\"M504 256c0 136.967-111.033 248-248 248S8 392.967 8 256 119.033 8 256 8s248 111.033 248 248zM227.314 387.314l184-184c6.248-6.248 6.248-16.379 0-22.627l-22.627-22.627c-6.248-6.249-16.379-6.249-22.628 0L216 308.118l-70.059-70.059c-6.248-6.248-16.379-6.248-22.628 0l-22.627 22.627c-6.248 6.248-6.248 16.379 0 22.627l104 104c6.249 6.249 16.379 6.249 22.628.001z\"><\/path><\/svg>\t\t\t\t\t\t<\/span>\n\t\t\t\t\t\t\t\t\t\t<span class=\"elementor-icon-list-text\">Connaissance approfondie du march\u00e9 local<\/span>\n\t\t\t\t\t\t\t\t\t<\/li>\n\t\t\t\t\t\t\t\t<li class=\"elementor-icon-list-item\">\n\t\t\t\t\t\t\t\t\t\t\t<span class=\"elementor-icon-list-icon\">\n\t\t\t\t\t\t\t<svg aria-hidden=\"true\" class=\"e-font-icon-svg e-fas-check-circle\" viewbox=\"0 0 512 512\" xmlns=\"http:\/\/www.w3.org\/2000\/svg\"><path d=\"M504 256c0 136.967-111.033 248-248 248S8 392.967 8 256 119.033 8 256 8s248 111.033 248 248zM227.314 387.314l184-184c6.248-6.248 6.248-16.379 0-22.627l-22.627-22.627c-6.248-6.249-16.379-6.249-22.628 0L216 308.118l-70.059-70.059c-6.248-6.248-16.379-6.248-22.628 0l-22.627 22.627c-6.248 6.248-6.248 16.379 0 22.627l104 104c6.249 6.249 16.379 6.249 22.628.001z\"><\/path><\/svg>\t\t\t\t\t\t<\/span>\n\t\t\t\t\t\t\t\t\t\t<span class=\"elementor-icon-list-text\">Des valeurs fondamentales fortes\u00a0: engagement, confiance et honn\u00eatet\u00e9<\/span>\n\t\t\t\t\t\t\t\t\t<\/li>\n\t\t\t\t\t\t<\/ul>\n\t\t\t\t\t\t<\/div>\n\t\t\t\t<\/div>\n\t\t\t\t\t<\/div>\n\t\t\t\t<\/div>\n\t\t<div class=\"elementor-element elementor-element-6e22f9c e-flex e-con-boxed e-con e-parent\" data-id=\"6e22f9c\" data-element_type=\"container\" data-e-type=\"container\" data-settings=\"{&quot;background_background&quot;:&quot;classic&quot;}\">\n\t\t\t\t\t<div class=\"e-con-inner\">\n\t\t<div class=\"elementor-element elementor-element-5910129 e-con-full e-flex e-con e-child\" data-id=\"5910129\" data-element_type=\"container\" data-e-type=\"container\">\n\t\t\t\t<div class=\"elementor-element elementor-element-d46519b elementor-widget elementor-widget-elementskit-heading\" data-id=\"d46519b\" data-element_type=\"widget\" data-e-type=\"widget\" data-widget_type=\"elementskit-heading.default\">\n\t\t\t\t\t<div class=\"ekit-wid-con\" ><div class=\"ekit-heading elementskit-section-title-wraper text_left   ekit_heading_tablet-   ekit_heading_mobile-\"><h2 class=\"ekit-heading--title elementskit-section-title\">A propos de Virginie<\/h2><\/div><\/div>\t\t\t\t<\/div>\n\t\t\t\t<div class=\"elementor-element elementor-element-a847644 elementor-widget elementor-widget-text-editor\" data-id=\"a847644\" data-element_type=\"widget\" data-e-type=\"widget\" data-widget_type=\"text-editor.default\">\n\t\t\t\t\t\t\t\t\t<p>A 50 ans, je suis une ancienne h\u00f4tesse de l\u2019air avec un go\u00fbt d\u2019aventure depuis toujours. Apr\u00e8s 19 ans de carri\u00e8re bien remplie dans le ciel, j'ai enfin pos\u00e9 mes valises \u00e0 Maurice pour lancer une activit\u00e9 de tour op\u00e9rateur sp\u00e9cialis\u00e9 dans les vacances sur mesure.<\/p><p>La p\u00e9riode du COVID a \u00e9t\u00e9 un tournant, comme pour beaucoup. Cela m'a amen\u00e9 \u00e0 explorer un nouveau monde : l'immobilier. J'ai commenc\u00e9 par la location en agence, pour ensuite \u00e9voluer naturellement vers la vente. Ce nouveau parcours a suscit\u00e9 une v\u00e9ritable passion pour le march\u00e9 local et m'a rapproch\u00e9 d'une client\u00e8le qui compte beaucoup pour moi : les Mauriciens, qu'ils vivent sur l'\u00eele ou \u00e0 l'\u00e9tranger.<\/p><p>Aujourd\u2019hui, j\u2019aime accompagner les familles, les jeunes investisseurs et les membres de la diaspora. Mon approche reste humaine, authentique et engag\u00e9e, avec un seul objectif : aider chacun \u00e0 trouver son \u00ab cocon \u00bb id\u00e9al \u00e0 Maurice.<\/p>\t\t\t\t\t\t\t\t<\/div>\n\t\t\t\t<div class=\"elementor-element elementor-element-d462134 elementor-align-justify elementor-widget elementor-widget-button\" data-id=\"d462134\" data-element_type=\"widget\" data-e-type=\"widget\" data-widget_type=\"button.default\">\n\t\t\t\t\t\t\t\t\t\t<a class=\"elementor-button elementor-button-link elementor-size-sm\" href=\"tel:%20+23054982748\">\n\t\t\t\t\t\t<span class=\"elementor-button-content-wrapper\">\n\t\t\t\t\t\t<span class=\"elementor-button-icon\">\n\t\t\t\t<i aria-hidden=\"true\" class=\"icon icon-phone-call1\"><\/i>\t\t\t<\/span>\n\t\t\t\t\t\t\t\t\t<span class=\"elementor-button-text\">CALL ME<\/span>\n\t\t\t\t\t<\/span>\n\t\t\t\t\t<\/a>\n\t\t\t\t\t\t\t\t<\/div>\n\t\t\t\t<div class=\"elementor-element elementor-element-36b7ee7 elementor-widget elementor-widget-spacer\" data-id=\"36b7ee7\" data-element_type=\"widget\" data-e-type=\"widget\" data-widget_type=\"spacer.default\">\n\t\t\t\t\t\t\t<div class=\"elementor-spacer\">\n\t\t\t<div class=\"elementor-spacer-inner\"><\/div>\n\t\t<\/div>\n\t\t\t\t\t\t<\/div>\n\t\t\t\t<div class=\"elementor-element elementor-element-5ab9d03 elementor-align-justify elementor-widget elementor-widget-button\" data-id=\"5ab9d03\" data-element_type=\"widget\" data-e-type=\"widget\" data-widget_type=\"button.default\">\n\t\t\t\t\t\t\t\t\t\t<a class=\"elementor-button elementor-button-link elementor-size-sm\" href=\"mailto:%20virginie@cocoonpropertiesmauritius.com\">\n\t\t\t\t\t\t<span class=\"elementor-button-content-wrapper\">\n\t\t\t\t\t\t<span class=\"elementor-button-icon\">\n\t\t\t\t<i aria-hidden=\"true\" class=\"icon icon-email\"><\/i>\t\t\t<\/span>\n\t\t\t\t\t\t\t\t\t<span class=\"elementor-button-text\">EMAIL ME<\/span>\n\t\t\t\t\t<\/span>\n\t\t\t\t\t<\/a>\n\t\t\t\t\t\t\t\t<\/div>\n\t\t\t\t<\/div>\n\t\t<div class=\"elementor-element elementor-element-47b1b63 e-con-full e-flex e-con e-child\" data-id=\"47b1b63\" data-element_type=\"container\" data-e-type=\"container\">\n\t\t\t\t<div class=\"elementor-element elementor-element-554aecf elementor-widget elementor-widget-image\" data-id=\"554aecf\" data-element_type=\"widget\" data-e-type=\"widget\" data-widget_type=\"image.default\">\n\t\t\t\t\t\t\t\t\t\t\t\t\t\t\t<img decoding=\"async\" width=\"1280\" height=\"1280\" src=\"https:\/\/cocoonpropertiesmauritius.com\/wp-content\/uploads\/2026\/01\/WhatsApp-Image-2026-01-31-at-12.04.10.jpeg\" class=\"attachment-full size-full wp-image-1117\" alt=\"\" srcset=\"https:\/\/cocoonpropertiesmauritius.com\/wp-content\/uploads\/2026\/01\/WhatsApp-Image-2026-01-31-at-12.04.10.jpeg 1280w, https:\/\/cocoonpropertiesmauritius.com\/wp-content\/uploads\/2026\/01\/WhatsApp-Image-2026-01-31-at-12.04.10-300x300.jpeg 300w, https:\/\/cocoonpropertiesmauritius.com\/wp-content\/uploads\/2026\/01\/WhatsApp-Image-2026-01-31-at-12.04.10-1024x1024.jpeg 1024w, https:\/\/cocoonpropertiesmauritius.com\/wp-content\/uploads\/2026\/01\/WhatsApp-Image-2026-01-31-at-12.04.10-150x150.jpeg 150w, https:\/\/cocoonpropertiesmauritius.com\/wp-content\/uploads\/2026\/01\/WhatsApp-Image-2026-01-31-at-12.04.10-768x768.jpeg 768w, https:\/\/cocoonpropertiesmauritius.com\/wp-content\/uploads\/2026\/01\/WhatsApp-Image-2026-01-31-at-12.04.10-12x12.jpeg 12w\" sizes=\"(max-width: 1280px) 100vw, 1280px\" \/>\t\t\t\t\t\t\t\t\t\t\t\t\t\t\t<\/div>\n\t\t\t\t<\/div>\n\t\t\t\t\t<\/div>\n\t\t\t\t<\/div>\n\t\t<div class=\"elementor-element elementor-element-75c8d60 e-flex e-con-boxed e-con e-parent\" data-id=\"75c8d60\" data-element_type=\"container\" data-e-type=\"container\" data-settings=\"{&quot;background_background&quot;:&quot;classic&quot;}\">\n\t\t\t\t\t<div class=\"e-con-inner\">\n\t\t<div class=\"elementor-element elementor-element-9713d27 e-con-full e-flex e-con e-child\" data-id=\"9713d27\" data-element_type=\"container\" data-e-type=\"container\">\n\t\t\t\t<div class=\"elementor-element elementor-element-6356d10 elementor-widget elementor-widget-image\" data-id=\"6356d10\" data-element_type=\"widget\" data-e-type=\"widget\" data-widget_type=\"image.default\">\n\t\t\t\t\t\t\t\t\t\t\t\t\t\t\t<img decoding=\"async\" width=\"1280\" height=\"1280\" src=\"https:\/\/cocoonpropertiesmauritius.com\/wp-content\/uploads\/2026\/01\/WhatsApp-Image-2026-01-31-at-12.04.31.jpeg\" class=\"attachment-full size-full wp-image-1116\" alt=\"\" srcset=\"https:\/\/cocoonpropertiesmauritius.com\/wp-content\/uploads\/2026\/01\/WhatsApp-Image-2026-01-31-at-12.04.31.jpeg 1280w, https:\/\/cocoonpropertiesmauritius.com\/wp-content\/uploads\/2026\/01\/WhatsApp-Image-2026-01-31-at-12.04.31-300x300.jpeg 300w, https:\/\/cocoonpropertiesmauritius.com\/wp-content\/uploads\/2026\/01\/WhatsApp-Image-2026-01-31-at-12.04.31-1024x1024.jpeg 1024w, https:\/\/cocoonpropertiesmauritius.com\/wp-content\/uploads\/2026\/01\/WhatsApp-Image-2026-01-31-at-12.04.31-150x150.jpeg 150w, https:\/\/cocoonpropertiesmauritius.com\/wp-content\/uploads\/2026\/01\/WhatsApp-Image-2026-01-31-at-12.04.31-768x768.jpeg 768w, https:\/\/cocoonpropertiesmauritius.com\/wp-content\/uploads\/2026\/01\/WhatsApp-Image-2026-01-31-at-12.04.31-12x12.jpeg 12w\" sizes=\"(max-width: 1280px) 100vw, 1280px\" \/>\t\t\t\t\t\t\t\t\t\t\t\t\t\t\t<\/div>\n\t\t\t\t<\/div>\n\t\t<div class=\"elementor-element elementor-element-b522148 e-con-full e-flex e-con e-child\" data-id=\"b522148\" data-element_type=\"container\" data-e-type=\"container\">\n\t\t\t\t<div class=\"elementor-element elementor-element-f11b004 elementor-widget elementor-widget-elementskit-heading\" data-id=\"f11b004\" data-element_type=\"widget\" data-e-type=\"widget\" data-widget_type=\"elementskit-heading.default\">\n\t\t\t\t\t<div class=\"ekit-wid-con\" ><div class=\"ekit-heading elementskit-section-title-wraper text_left   ekit_heading_tablet-   ekit_heading_mobile-\"><h2 class=\"ekit-heading--title elementskit-section-title\">\u00c0 propos de Caroline <\/h2><\/div><\/div>\t\t\t\t<\/div>\n\t\t\t\t<div class=\"elementor-element elementor-element-fb4472f elementor-widget elementor-widget-text-editor\" data-id=\"fb4472f\" data-element_type=\"widget\" data-e-type=\"widget\" data-widget_type=\"text-editor.default\">\n\t\t\t\t\t\t\t\t\t<p>Originaire de Belgique, Caroline a grandi \u00e0 Maurice, une \u00eele qu'elle garde toujours dans son c\u0153ur. Son amour profond pour l'\u00eele, sa nature et surtout ses habitants ne l'a jamais quitt\u00e9e, m\u00eame \u00e0 son retour en Belgique.<\/p><p>C'est l\u00e0 qu'elle d\u00e9bute sa carri\u00e8re dans le secteur du tourisme et de l'h\u00f4tellerie, port\u00e9e par son sens naturel de l'hospitalit\u00e9 et du service. Apr\u00e8s la p\u00e9riode COVID, elle s\u2019est tourn\u00e9e vers l\u2019immobilier. C'est au sein d'une agence belge qu'elle d\u00e9couvre les bases de<br \/>la profession, a d\u00e9velopp\u00e9 ses comp\u00e9tences commerciales et a affin\u00e9 son expertise.<\/p><p>R\u00e9cemment, Caroline est retourn\u00e9e \u00e0 Maurice \u2013 un d\u00e9m\u00e9nagement qui lui a donn\u00e9 l'impression de rentrer chez elle. Elle a d\u2019abord rejoint une agence du sud de l\u2019\u00eele avant de rejoindre l\u2019\u00e9quipe de Cocoon Properties. En tant que nouveau membre, elle apporte de la fra\u00eecheur, de l'\u00e9nergie, une nouvelle perspective et un lien fort avec l'\u00eele.<\/p><p>Sa mission ? Accompagner chaque client avec bienveillance et professionnalisme dans son parcours immobilier, en lui offrant \u00e0 la fois une vision locale et une perspective internationale.<\/p>\t\t\t\t\t\t\t\t<\/div>\n\t\t\t\t<div class=\"elementor-element elementor-element-f37c1c5 elementor-align-justify elementor-widget elementor-widget-button\" data-id=\"f37c1c5\" data-element_type=\"widget\" data-e-type=\"widget\" data-widget_type=\"button.default\">\n\t\t\t\t\t\t\t\t\t\t<a class=\"elementor-button elementor-button-link elementor-size-sm\" href=\"tel:+23058475813\">\n\t\t\t\t\t\t<span class=\"elementor-button-content-wrapper\">\n\t\t\t\t\t\t<span class=\"elementor-button-icon\">\n\t\t\t\t<i aria-hidden=\"true\" class=\"icon icon-phone-call1\"><\/i>\t\t\t<\/span>\n\t\t\t\t\t\t\t\t\t<span class=\"elementor-button-text\">Call me<\/span>\n\t\t\t\t\t<\/span>\n\t\t\t\t\t<\/a>\n\t\t\t\t\t\t\t\t<\/div>\n\t\t\t\t<div class=\"elementor-element elementor-element-dff4827 elementor-widget elementor-widget-spacer\" data-id=\"dff4827\" data-element_type=\"widget\" data-e-type=\"widget\" data-widget_type=\"spacer.default\">\n\t\t\t\t\t\t\t<div class=\"elementor-spacer\">\n\t\t\t<div class=\"elementor-spacer-inner\"><\/div>\n\t\t<\/div>\n\t\t\t\t\t\t<\/div>\n\t\t\t\t<div class=\"elementor-element elementor-element-d00d49c elementor-align-justify elementor-widget elementor-widget-button\" data-id=\"d00d49c\" data-element_type=\"widget\" data-e-type=\"widget\" data-widget_type=\"button.default\">\n\t\t\t\t\t\t\t\t\t\t<a class=\"elementor-button elementor-button-link elementor-size-sm\" href=\"mailto:caroline@cocoonpropertiesmauritius.com\">\n\t\t\t\t\t\t<span class=\"elementor-button-content-wrapper\">\n\t\t\t\t\t\t<span class=\"elementor-button-icon\">\n\t\t\t\t<i aria-hidden=\"true\" class=\"icon icon-email\"><\/i>\t\t\t<\/span>\n\t\t\t\t\t\t\t\t\t<span class=\"elementor-button-text\">email me<\/span>\n\t\t\t\t\t<\/span>\n\t\t\t\t\t<\/a>\n\t\t\t\t\t\t\t\t<\/div>\n\t\t\t\t<\/div>\n\t\t\t\t\t<\/div>\n\t\t\t\t<\/div>\n\t\t\t\t<\/div>\n\t\t\n    <div class=\"xs_social_share_widget xs_share_url after_content \t\tmain_content  wslu-style-1 wslu-share-box-shaped wslu-fill-colored wslu-none wslu-share-horizontal wslu-theme-font-no wslu-main_content\">\n\n\t\t\n        <ul>\n\t\t\t        <\/ul>\n    <\/div>","protected":false},"excerpt":{"rendered":"<p>About Us About our Company Cocoon Properties is a family-run business founded on values that are close to our heart: closeness, trust, authenticity, and passion.We are an agency that places people, generosity, and passion at the core of every project.Our team supports you with empathy, attentiveness, and discretion. Personalised guidance In-depth knowledge of the local [&hellip;]<\/p>\n","protected":false},"author":2,"featured_media":0,"parent":0,"menu_order":0,"comment_status":"closed","ping_status":"closed","template":"","meta":{"footnotes":""},"class_list":["post-104","page","type-page","status-publish","hentry"],"aioseo_notices":[],"_links":{"self":[{"href":"https:\/\/cocoonpropertiesmauritius.com\/fr\/wp-json\/wp\/v2\/pages\/104","targetHints":{"allow":["GET"]}}],"collection":[{"href":"https:\/\/cocoonpropertiesmauritius.com\/fr\/wp-json\/wp\/v2\/pages"}],"about":[{"href":"https:\/\/cocoonpropertiesmauritius.com\/fr\/wp-json\/wp\/v2\/types\/page"}],"author":[{"embeddable":true,"href":"https:\/\/cocoonpropertiesmauritius.com\/fr\/wp-json\/wp\/v2\/users\/2"}],"replies":[{"embeddable":true,"href":"https:\/\/cocoonpropertiesmauritius.com\/fr\/wp-json\/wp\/v2\/comments?post=104"}],"version-history":[{"count":46,"href":"https:\/\/cocoonpropertiesmauritius.com\/fr\/wp-json\/wp\/v2\/pages\/104\/revisions"}],"predecessor-version":[{"id":1734,"href":"https:\/\/cocoonpropertiesmauritius.com\/fr\/wp-json\/wp\/v2\/pages\/104\/revisions\/1734"}],"wp:attachment":[{"href":"https:\/\/cocoonpropertiesmauritius.com\/fr\/wp-json\/wp\/v2\/media?parent=104"}],"curies":[{"name":"wp","href":"https:\/\/api.w.org\/{rel}","templated":true}]}}